{"id":2141,"date":"2021-11-29T14:36:47","date_gmt":"2021-11-29T13:36:47","guid":{"rendered":"https:\/\/signum-blanc.wine\/terroir\/"},"modified":"2023-05-11T09:28:52","modified_gmt":"2023-05-11T07:28:52","slug":"terroir","status":"publish","type":"page","link":"https:\/\/signum-blanc.wine\/us\/terroir\/","title":{"rendered":"Terroir"},"content":{"rendered":"<div class=\"wpb-content-wrapper\"><p>[vc_row row_height_percent=&#8221;75&#8243; back_image=&#8221;419&#8243; back_repeat=&#8221;no-repeat&#8221; back_position=&#8221;center bottom&#8221; parallax=&#8221;yes&#8221; overlay_color=&#8221;color-jevc&#8221; overlay_alpha=&#8221;45&#8243; gutter_size=&#8221;3&#8243; column_width_percent=&#8221;100&#8243; shift_y=&#8221;0&#8243; z_index=&#8221;0&#8243; back_size=&#8221;cover&#8221;][vc_column column_width_percent=&#8221;100&#8243; position_vertical=&#8221;middle&#8221; align_horizontal=&#8221;align_center&#8221; gutter_size=&#8221;3&#8243; overlay_alpha=&#8221;50&#8243; shift_x=&#8221;0&#8243; shift_y=&#8221;0&#8243; shift_y_down=&#8221;0&#8243; z_index=&#8221;0&#8243; medium_width=&#8221;0&#8243; mobile_width=&#8221;0&#8243; width=&#8221;1\/1&#8243;][vc_row_inner][vc_column_inner column_width_percent=&#8221;100&#8243; position_vertical=&#8221;middle&#8221; align_horizontal=&#8221;align_center&#8221; gutter_size=&#8221;3&#8243; style=&#8221;dark&#8221; overlay_alpha=&#8221;50&#8243; shift_x=&#8221;0&#8243; shift_y=&#8221;0&#8243; shift_y_down=&#8221;0&#8243; z_index=&#8221;0&#8243; medium_width=&#8221;0&#8243; mobile_width=&#8221;0&#8243; width=&#8221;1\/1&#8243; el_class=&#8221;header-inner-col&#8221;][vc_custom_heading heading_semantic=&#8221;h1&#8243; text_size=&#8221;h1&#8243; text_color=&#8221;color-359403&#8243; css_animation=&#8221;bottom-t-top&#8221; el_class=&#8221;sb-page-title&#8221;]<\/p>\n<h1>Terroir<\/h1>\n<p>[\/vc_custom_heading][\/vc_column_inner][\/vc_row_inner][\/vc_column][\/vc_row][vc_row row_height_percent=&#8221;0&#8243; override_padding=&#8221;yes&#8221; h_padding=&#8221;0&#8243; top_padding=&#8221;0&#8243; bottom_padding=&#8221;0&#8243; overlay_alpha=&#8221;50&#8243; gutter_size=&#8221;3&#8243; column_width_percent=&#8221;100&#8243; shift_y=&#8221;0&#8243; z_index=&#8221;0&#8243; row_name=&#8221;suedsteiermark&#8221;][vc_column column_width_percent=&#8221;100&#8243; align_horizontal=&#8221;align_center&#8221; gutter_size=&#8221;3&#8243; back_color=&#8221;color-xsdn&#8221; overlay_alpha=&#8221;50&#8243; shift_x=&#8221;0&#8243; shift_y=&#8221;-5&#8243; shift_y_fixed=&#8221;yes&#8221; shift_y_down=&#8221;0&#8243; z_index=&#8221;0&#8243; medium_width=&#8221;0&#8243; mobile_width=&#8221;0&#8243; width=&#8221;1\/1&#8243; el_class=&#8221;border-top-col&#8221;][vc_empty_space empty_h=&#8221;1&#8243;][vc_column_text css_animation=&#8221;bottom-t-top&#8221;]<\/p>\n<h2 style=\"text-align: center;\">Southern Styria<\/h2>\n<p>[\/vc_column_text][\/vc_column][\/vc_row][vc_row row_height_percent=&#8221;0&#8243; override_padding=&#8221;yes&#8221; h_padding=&#8221;3&#8243; top_padding=&#8221;2&#8243; bottom_padding=&#8221;4&#8243; overlay_alpha=&#8221;50&#8243; gutter_size=&#8221;3&#8243; column_width_percent=&#8221;100&#8243; shift_y=&#8221;0&#8243; z_index=&#8221;0&#8243;][vc_column column_width_percent=&#8221;100&#8243; gutter_size=&#8221;3&#8243; overlay_alpha=&#8221;50&#8243; shift_x=&#8221;0&#8243; shift_y=&#8221;0&#8243; shift_y_down=&#8221;0&#8243; z_index=&#8221;0&#8243; medium_width=&#8221;0&#8243; mobile_width=&#8221;0&#8243; width=&#8221;1\/1&#8243;][vc_row_inner][vc_column_inner column_width_percent=&#8221;100&#8243; gutter_size=&#8221;3&#8243; overlay_alpha=&#8221;50&#8243; shift_x=&#8221;0&#8243; shift_y=&#8221;0&#8243; shift_y_down=&#8221;0&#8243; z_index=&#8221;0&#8243; medium_width=&#8221;0&#8243; mobile_width=&#8221;0&#8243; css_animation=&#8221;left-t-right&#8221; width=&#8221;1\/2&#8243;][vc_single_image media=&#8221;427&#8243; media_width_percent=&#8221;100&#8243;][\/vc_column_inner][vc_column_inner width=&#8221;1\/2&#8243;][vc_column_text css_animation=&#8221;bottom-t-top&#8221;]<\/p>\n<p style=\"text-align: left;\">There are areas that are simply magical, fairytale-like. Or even a little enchanted, almost as if from another world. This is also true of southern Styria, which literally grounds you with its gently rolling hills, forested peaks and fertile vineyards. There is something almost meditative about the peace and tranquillity that this vineyard-green landscape radiates. One feels a deep sense of happiness and pure, inner peace here.<\/p>\n<p>[\/vc_column_text][\/vc_column_inner][\/vc_row_inner][vc_empty_space empty_h=&#8221;1&#8243;][vc_empty_space empty_h=&#8221;1&#8243;][vc_row_inner row_inner_height_percent=&#8221;0&#8243; overlay_alpha=&#8221;50&#8243; gutter_size=&#8221;3&#8243; shift_y=&#8221;0&#8243; z_index=&#8221;0&#8243; inverted_device_order=&#8221;yes&#8221;][vc_column_inner width=&#8221;1\/2&#8243;][vc_column_text css_animation=&#8221;left-t-right&#8221;]<\/p>\n<h3>Kreuzberg<\/h3>\n<p>Besonders die Gegend um den 633 Meter hohen Kreuzberg mit ihrem mediterran-illyrischem Klima, langen, warmen Sommertagen und k\u00fchlen N\u00e4chten, verst\u00e4rkt den Eindruck, an einem historisch gewachsenen Kraftort zu sein. Schon die Illyrer, Kelten und sp\u00e4ter die R\u00f6mer, kultivierten hier ihre Weinreben.<\/p>\n<p>Auch heute noch ist die S\u00fcdsteiermark, die \u201esteirische Toskana\u201c, wie sie gerne genannt wird, ein St\u00fcck intakter Natur und vor allem: Genusslandschaft. Mit zahlreichen Hauben-Lokalen und urigen Buschensch\u00e4nken. Ein verstecktes Paradies aus einer scheinbar l\u00e4ngst vergangenen Zeit \u2013 im Hier und Jetzt. Ein Ort f\u00fcr die Sinne. Ein Zuhause f\u00fcr Gourmets und Weinliebhaber.[\/vc_column_text][vc_column_text css_animation=&#8221;left-t-right&#8221;]Genau hier, in dieser gro\u00dfen Wei\u00dfweinregion, die auf \u201eAugenh\u00f6he\u201c und auf dem gleichen 46.-47. Breitengrad liegt wie die Anbaugebiete Montrachet, Chablis, Sancerre oder S\u00fcdtirol, kreiert \u201ehidden Champion\u201c Thomas Rothsch\u00e4dl SIGNUM BLANC. Jeder Schluck erz\u00e4hlt die Geschichte seines Ursprungs und seiner Herkunft. Reife, elegante Weine mit feiner Frucht, ausgewogener S\u00e4ure und einer mineralischen Note im Abgang. Das Ergebnis eines genialen Terroirs und eines kongenialen Weinmachers.[\/vc_column_text][\/vc_column_inner][vc_column_inner width=&#8221;1\/2&#8243;][vc_single_image media=&#8221;660&#8243; media_width_percent=&#8221;100&#8243; css_animation=&#8221;right-t-left&#8221; animation_delay=&#8221;100&#8243;][vc_column_text text_lead=&#8221;small&#8221; css_animation=&#8221;right-t-left&#8221;]<em>Summer on the Kreuzberg<\/em>[\/vc_column_text][\/vc_column_inner][\/vc_row_inner][vc_empty_space empty_h=&#8221;1&#8243;][\/vc_column][\/vc_row][vc_row unlock_row_content=&#8221;yes&#8221; row_height_percent=&#8221;85&#8243; override_padding=&#8221;yes&#8221; h_padding=&#8221;0&#8243; top_padding=&#8221;0&#8243; bottom_padding=&#8221;0&#8243; back_image=&#8221;690&#8243; parallax=&#8221;yes&#8221; overlay_alpha=&#8221;50&#8243; gutter_size=&#8221;3&#8243; column_width_percent=&#8221;100&#8243; shift_y=&#8221;0&#8243; z_index=&#8221;0&#8243; auto_height_device=&#8221;yes&#8221; row_height_pixel=&#8221;300&#8243; row_name=&#8221;turmalin&#8221;][vc_column column_width_percent=&#8221;100&#8243; gutter_size=&#8221;3&#8243; overlay_alpha=&#8221;50&#8243; shift_x=&#8221;0&#8243; shift_y=&#8221;0&#8243; shift_y_down=&#8221;0&#8243; z_index=&#8221;0&#8243; medium_width=&#8221;0&#8243; mobile_width=&#8221;0&#8243; width=&#8221;1\/2&#8243; mobile_height=&#8221;350px&#8221;][\/vc_column][vc_column column_width_percent=&#8221;100&#8243; gutter_size=&#8221;3&#8243; back_color=&#8221;color-xsdn&#8221; overlay_alpha=&#8221;50&#8243; shift_x=&#8221;0&#8243; shift_y=&#8221;0&#8243; shift_y_down=&#8221;0&#8243; z_index=&#8221;0&#8243; medium_width=&#8221;0&#8243; mobile_width=&#8221;0&#8243; width=&#8221;1\/2&#8243; el_class=&#8221;border-bottom-col&#8221; mobile_height=&#8221;150px&#8221;][vc_column_text]<\/p>\n<h1>Tourmaline<\/h1>\n<p>[\/vc_column_text][\/vc_column][\/vc_row][vc_row row_height_percent=&#8221;0&#8243; overlay_alpha=&#8221;50&#8243; gutter_size=&#8221;3&#8243; column_width_percent=&#8221;100&#8243; shift_y=&#8221;0&#8243; z_index=&#8221;0&#8243;][vc_column column_width_percent=&#8221;100&#8243; align_horizontal=&#8221;align_center&#8221; gutter_size=&#8221;3&#8243; override_padding=&#8221;yes&#8221; column_padding=&#8221;3&#8243; overlay_alpha=&#8221;50&#8243; shift_x=&#8221;0&#8243; shift_y=&#8221;0&#8243; shift_y_down=&#8221;0&#8243; z_index=&#8221;0&#8243; medium_width=&#8221;0&#8243; mobile_width=&#8221;0&#8243; width=&#8221;1\/1&#8243;][vc_row_inner][vc_column_inner column_width_percent=&#8221;100&#8243; gutter_size=&#8221;3&#8243; overlay_alpha=&#8221;50&#8243; shift_x=&#8221;0&#8243; shift_y=&#8221;0&#8243; shift_y_down=&#8221;0&#8243; z_index=&#8221;0&#8243; medium_width=&#8221;5&#8243; mobile_width=&#8221;0&#8243; width=&#8221;1\/2&#8243;][vc_single_image media=&#8221;261&#8243; media_width_percent=&#8221;100&#8243; css_animation=&#8221;left-t-right&#8221;][vc_column_text text_lead=&#8221;small&#8221; css_animation=&#8221;left-t-right&#8221;]Latest find 15.05.2021<br \/>\n<em>Replanting in the vineyard<\/em><br \/>\nKreuzberg \/ Leutschach[\/vc_column_text][\/vc_column_inner][vc_column_inner column_width_percent=&#8221;100&#8243; gutter_size=&#8221;3&#8243; overlay_alpha=&#8221;50&#8243; shift_x=&#8221;0&#8243; shift_y=&#8221;0&#8243; shift_y_down=&#8221;0&#8243; z_index=&#8221;0&#8243; medium_width=&#8221;0&#8243; mobile_width=&#8221;0&#8243; width=&#8221;1\/2&#8243;][vc_column_text css_animation=&#8221;bottom-t-top&#8221;]<\/p>\n<h2 style=\"text-align: center;\">Turmalin<\/h2>\n<p style=\"text-align: left;\">SIGNUM BLANC w\u00e4chst auf turmalinhaltigem Felsboden, einem einzigartigen Terroir am Kreuzberg in der S\u00fcdsteiermark.<\/p>\n<p style=\"text-align: left;\">Dort ist in dem lockeren metamorphen Gestein, in dem die Reben tief im Fels wurzeln und bis in feinste Ritzen dringen, schwarzer Turmalin enthalten, wie eine Bodenanalyse 2019 best\u00e4tigte.\u00a0Geologisch gesprochen \u201ebei\u00dft\u201c der Turmalin bei den SIGNUM BLANC Reben am Kreuzberg aus: er tritt zu Tage und durchzieht gleichzeitig die tiefen Gesteinsschichten.<\/p>\n<p style=\"text-align: left;\">Dieser Edelstein, der im Boden des Kreuzbergs seit Millionen Jahren unter den Rebst\u00f6cken ruht, ist ein wahrer \u201eSchatz\u201c. Als Schmuckstein ist schwarzer Turmalin mysteri\u00f6s und magisch sch\u00f6n, aber er ist auch eines: energetisch wertvoll.<\/p>\n<p>[\/vc_column_text][\/vc_column_inner][\/vc_row_inner][vc_column_text css_animation=&#8221;right-t-left&#8221; animation_delay=&#8221;100&#8243;]<\/p>\n<p style=\"text-align: left;\">The power, energy and minerality of the black gemstone is absorbed by the fine deep roots of the vines, which wander persistently through the rocky, humus-poor soil in search of nutrients and minerals. It is precisely this power, energy and minerality that passes through the roots into the hand-picked grapes and is later intensified by the wine&#8217;s long maturation in the cellar.<\/p>\n<p>The aromas are more condensed, more concentrated, resulting in a very characterful wine. &#8211; &#8220;Noble stone, noble wine!&#8221;<\/p>\n<p>[\/vc_column_text][vc_column_text css_animation=&#8221;right-t-left&#8221; animation_delay=&#8221;100&#8243;]<strong>SIGNUM BLANC hat \u201eVinergie\u201c.<\/strong><\/p>\n<p><strong>Und die sp\u00fcrt man, Schluck f\u00fcr Schluck.<\/strong>[\/vc_column_text][\/vc_column][\/vc_row][vc_row row_height_percent=&#8221;0&#8243; override_padding=&#8221;yes&#8221; h_padding=&#8221;2&#8243; top_padding=&#8221;3&#8243; bottom_padding=&#8221;5&#8243; back_color=&#8221;color-lxmt&#8221; overlay_alpha=&#8221;50&#8243; gutter_size=&#8221;3&#8243; column_width_percent=&#8221;100&#8243; shift_y=&#8221;0&#8243; z_index=&#8221;0&#8243; row_name=&#8221;klima&#8221;][vc_column column_width_percent=&#8221;100&#8243; align_horizontal=&#8221;align_center&#8221; gutter_size=&#8221;3&#8243; overlay_alpha=&#8221;50&#8243; shift_x=&#8221;0&#8243; shift_y=&#8221;0&#8243; shift_y_down=&#8221;0&#8243; z_index=&#8221;0&#8243; medium_width=&#8221;0&#8243; mobile_width=&#8221;0&#8243; css_animation=&#8221;bottom-t-top&#8221; width=&#8221;1\/1&#8243;][vc_column_text]<\/p>\n<h3>Geographical location and climate<\/h3>\n<p>[\/vc_column_text][vc_single_image media=&#8221;265&#8243; media_lightbox=&#8221;yes&#8221; media_width_percent=&#8221;100&#8243;][vc_empty_space empty_h=&#8221;2&#8243;][vc_column_text css_animation=&#8221;bottom-t-top&#8221;]<\/p>\n<p style=\"text-align: left;\">The Illyrian climate of southern Styria is an Alpine-Adriatic climate and prevails in Austria&#8217;s southeast and in parts of Slovenia. Protected by the Alpine barrier, the summers there are still as you remember them as a child: warm, sunny and endless. These summers transition very slowly into a golden autumn. Warm days, cool nights in early summer, a summer sun average of over 20 degrees ensure that the wine can develop optimal fruit.<\/p>\n<p>Illyrian climate brings more humidity than a Mediterranean climate. As it grows, the vine loves the showers and thunderstorms that the Adriatic occasionally sends up. In some phases of the summer, the wine in southern Styria also enjoys a Pannonian climate, dry and with little precipitation. The grapes dry out and stretch out towards the sun.<\/p>\n<p>Illyrian climate is a gifted climate, rich in variety and unpredictable. In this respect, Styrian winegrowers have a tradition of maintaining a good relationship with the weather god. They are rewarded with magnificent vintages.<\/p>\n<p>[\/vc_column_text][vc_empty_space empty_h=&#8221;2&#8243;][vc_single_image media=&#8221;868&#8243; media_lightbox=&#8221;yes&#8221; media_width_percent=&#8221;100&#8243;][vc_empty_space empty_h=&#8221;2&#8243;][\/vc_column][\/vc_row][vc_row unlock_row_content=&#8221;yes&#8221; row_height_percent=&#8221;0&#8243; override_padding=&#8221;yes&#8221; h_padding=&#8221;0&#8243; top_padding=&#8221;0&#8243; bottom_padding=&#8221;0&#8243; back_color=&#8221;color-xsdn&#8221; overlay_alpha=&#8221;50&#8243; gutter_size=&#8221;3&#8243; column_width_percent=&#8221;100&#8243; shift_y=&#8221;0&#8243; z_index=&#8221;0&#8243; row_name=&#8221;kontakt&#8221;][vc_column column_width_percent=&#8221;100&#8243; align_horizontal=&#8221;align_center&#8221; gutter_size=&#8221;3&#8243; overlay_alpha=&#8221;50&#8243; shift_x=&#8221;0&#8243; shift_y=&#8221;0&#8243; shift_y_down=&#8221;0&#8243; z_index=&#8221;0&#8243; medium_width=&#8221;0&#8243; mobile_width=&#8221;0&#8243; width=&#8221;1\/2&#8243;][\/vc_column][vc_column column_width_percent=&#8221;100&#8243; gutter_size=&#8221;3&#8243; back_color=&#8221;color-lxmt&#8221; overlay_alpha=&#8221;50&#8243; shift_x=&#8221;0&#8243; shift_y=&#8221;0&#8243; shift_y_down=&#8221;0&#8243; z_index=&#8221;0&#8243; medium_width=&#8221;0&#8243; mobile_width=&#8221;0&#8243; width=&#8221;1\/2&#8243; el_class=&#8221;border-bottom-col&#8221;][vc_column_text]<\/p>\n<h1>Contact<\/h1>\n<p>[\/vc_column_text][\/vc_column][\/vc_row][vc_row row_height_percent=&#8221;0&#8243; override_padding=&#8221;yes&#8221; h_padding=&#8221;2&#8243; top_padding=&#8221;4&#8243; bottom_padding=&#8221;4&#8243; back_color=&#8221;color-xsdn&#8221; overlay_alpha=&#8221;50&#8243; gutter_size=&#8221;3&#8243; column_width_percent=&#8221;100&#8243; shift_y=&#8221;0&#8243; z_index=&#8221;0&#8243;][vc_column column_width_percent=&#8221;100&#8243; gutter_size=&#8221;3&#8243; overlay_alpha=&#8221;50&#8243; shift_x=&#8221;0&#8243; shift_y=&#8221;0&#8243; shift_y_down=&#8221;0&#8243; z_index=&#8221;0&#8243; medium_width=&#8221;0&#8243; mobile_width=&#8221;0&#8243; css_animation=&#8221;bottom-t-top&#8221; width=&#8221;1\/1&#8243;][vc_column_text][wpforms id=&#8221;199&#8243; title=&#8221;false&#8221;][\/vc_column_text][\/vc_column][\/vc_row][vc_row row_height_percent=&#8221;0&#8243; overlay_alpha=&#8221;50&#8243; gutter_size=&#8221;3&#8243; column_width_percent=&#8221;100&#8243; shift_y=&#8221;0&#8243; z_index=&#8221;0&#8243; el_class=&#8221;hidden&#8221;][vc_column width=&#8221;1\/1&#8243;][vc_column_text css_animation=&#8221;bottom-t-top&#8221;]<\/p>\n<h5 style=\"text-align: left;\">Edler Stein, edler Wein:<\/h5>\n<p style=\"text-align: left;\">SIGNUM BLANC setzt ein Zeichen in der Welt der Weine.<br \/>\nEin Zeichen f\u00fcr das Besondere, das Kostbare, das Exklusive.<\/p>\n<p style=\"text-align: left;\">Denn SIGNUM BLANC ist ein Edelstein-Wein, so reich- und gehaltvoll wie der turmalinhaltige Boden, auf dem seine Reben in den steilen H\u00e4ngen in der S\u00fcdsteiermark, \u00d6sterreichs s\u00fcdlichstem Weinbaugebiet, wachsen.<\/p>\n<p>[\/vc_column_text][\/vc_column][\/vc_row]<\/p>\n<\/div>","protected":false},"excerpt":{"rendered":"<p>[vc_row row_height_percent=&#8221;75&#8243; back_image=&#8221;419&#8243; back_repeat=&#8221;no-repeat&#8221; back_position=&#8221;center bottom&#8221; parallax=&#8221;yes&#8221; overlay_color=&#8221;color-jevc&#8221; overlay_alpha=&#8221;45&#8243; gutter_size=&#8221;3&#8243; column_width_percent=&#8221;100&#8243; shift_y=&#8221;0&#8243; z_index=&#8221;0&#8243; back_size=&#8221;cover&#8221;][vc_column column_width_percent=&#8221;100&#8243; position_vertical=&#8221;middle&#8221; align_horizontal=&#8221;align_center&#8221; gutter_size=&#8221;3&#8243; overlay_alpha=&#8221;50&#8243; shift_x=&#8221;0&#8243; [&hellip;]<\/p>\n","protected":false},"author":3,"featured_media":0,"parent":0,"menu_order":0,"comment_status":"closed","ping_status":"closed","template":"","meta":{"footnotes":""},"class_list":["post-2141","page","type-page","status-publish","hentry"],"yoast_head":"<!-- This site is optimized with the Yoast SEO plugin v24.8.1 - https:\/\/yoast.com\/wordpress\/plugins\/seo\/ -->\n<title>Terroir &#187; Signum Blanc<\/title>\n<meta name=\"description\" content=\"Terroir Signum Blanc Wine ist der Garant f\u00fcr exklusiven Weingenuss aus der S\u00fcdsteiermark. Auf edlen Steinen, gedeihen edle Weine. Jetzt mehr erfahren!\" \/>\n<meta name=\"robots\" content=\"index, follow, max-snippet:-1, max-image-preview:large, max-video-preview:-1\" \/>\n<link rel=\"canonical\" href=\"https:\/\/signum-blanc.wine\/us\/terroir\/\" \/>\n<meta property=\"og:locale\" content=\"en_US\" \/>\n<meta property=\"og:type\" content=\"article\" \/>\n<meta property=\"og:title\" content=\"Terroir &#187; Signum Blanc\" \/>\n<meta property=\"og:description\" content=\"Terroir Signum Blanc Wine ist der Garant f\u00fcr exklusiven Weingenuss aus der S\u00fcdsteiermark. Auf edlen Steinen, gedeihen edle Weine. Jetzt mehr erfahren!\" \/>\n<meta property=\"og:url\" content=\"https:\/\/signum-blanc.wine\/us\/terroir\/\" \/>\n<meta property=\"og:site_name\" content=\"Signum Blanc\" \/>\n<meta property=\"article:publisher\" content=\"https:\/\/www.facebook.com\/signumblanc\/\" \/>\n<meta property=\"article:modified_time\" content=\"2023-05-11T07:28:52+00:00\" \/>\n<meta name=\"twitter:card\" content=\"summary_large_image\" \/>\n<meta name=\"twitter:label1\" content=\"Est. reading time\" \/>\n\t<meta name=\"twitter:data1\" content=\"6 minutes\" \/>\n<!-- \/ Yoast SEO plugin. -->","yoast_head_json":{"title":"Terroir &#187; Signum Blanc","description":"Terroir Signum Blanc Wine ist der Garant f\u00fcr exklusiven Weingenuss aus der S\u00fcdsteiermark. Auf edlen Steinen, gedeihen edle Weine. Jetzt mehr erfahren!","robots":{"index":"index","follow":"follow","max-snippet":"max-snippet:-1","max-image-preview":"max-image-preview:large","max-video-preview":"max-video-preview:-1"},"canonical":"https:\/\/signum-blanc.wine\/us\/terroir\/","og_locale":"en_US","og_type":"article","og_title":"Terroir &#187; Signum Blanc","og_description":"Terroir Signum Blanc Wine ist der Garant f\u00fcr exklusiven Weingenuss aus der S\u00fcdsteiermark. Auf edlen Steinen, gedeihen edle Weine. Jetzt mehr erfahren!","og_url":"https:\/\/signum-blanc.wine\/us\/terroir\/","og_site_name":"Signum Blanc","article_publisher":"https:\/\/www.facebook.com\/signumblanc\/","article_modified_time":"2023-05-11T07:28:52+00:00","twitter_card":"summary_large_image","twitter_misc":{"Est. reading time":"6 minutes"},"schema":{"@context":"https:\/\/schema.org","@graph":[{"@type":"WebPage","@id":"https:\/\/signum-blanc.wine\/us\/terroir\/","url":"https:\/\/signum-blanc.wine\/us\/terroir\/","name":"Terroir &#187; Signum Blanc","isPartOf":{"@id":"https:\/\/signum-blanc.wine\/us\/#website"},"datePublished":"2021-11-29T13:36:47+00:00","dateModified":"2023-05-11T07:28:52+00:00","description":"Terroir Signum Blanc Wine ist der Garant f\u00fcr exklusiven Weingenuss aus der S\u00fcdsteiermark. Auf edlen Steinen, gedeihen edle Weine. Jetzt mehr erfahren!","breadcrumb":{"@id":"https:\/\/signum-blanc.wine\/us\/terroir\/#breadcrumb"},"inLanguage":"en-US","potentialAction":[{"@type":"ReadAction","target":["https:\/\/signum-blanc.wine\/us\/terroir\/"]}]},{"@type":"BreadcrumbList","@id":"https:\/\/signum-blanc.wine\/us\/terroir\/#breadcrumb","itemListElement":[{"@type":"ListItem","position":1,"name":"Startseite","item":"https:\/\/signum-blanc.wine\/us\/signum-blanc-start-new-dennis\/"},{"@type":"ListItem","position":2,"name":"Terroir"}]},{"@type":"WebSite","@id":"https:\/\/signum-blanc.wine\/us\/#website","url":"https:\/\/signum-blanc.wine\/us\/","name":"Signum Blanc Wine","description":"Premium Weine","publisher":{"@id":"https:\/\/signum-blanc.wine\/us\/#organization"},"alternateName":"Signum Blanc","potentialAction":[{"@type":"SearchAction","target":{"@type":"EntryPoint","urlTemplate":"https:\/\/signum-blanc.wine\/us\/?s={search_term_string}"},"query-input":{"@type":"PropertyValueSpecification","valueRequired":true,"valueName":"search_term_string"}}],"inLanguage":"en-US"},{"@type":"Organization","@id":"https:\/\/signum-blanc.wine\/us\/#organization","name":"Signum Blanc Wine","alternateName":"Signum Blanc","url":"https:\/\/signum-blanc.wine\/us\/","logo":{"@type":"ImageObject","inLanguage":"en-US","@id":"https:\/\/signum-blanc.wine\/us\/#\/schema\/logo\/image\/","url":"https:\/\/signum-blanc.wine\/wp-content\/uploads\/2021\/05\/Siegel-140.svg","contentUrl":"https:\/\/signum-blanc.wine\/wp-content\/uploads\/2021\/05\/Siegel-140.svg","width":140,"height":140,"caption":"Signum Blanc Wine"},"image":{"@id":"https:\/\/signum-blanc.wine\/us\/#\/schema\/logo\/image\/"},"sameAs":["https:\/\/www.facebook.com\/signumblanc\/","https:\/\/www.instagram.com\/signumblanc\/"]}]}},"_links":{"self":[{"href":"https:\/\/signum-blanc.wine\/us\/wp-json\/wp\/v2\/pages\/2141","targetHints":{"allow":["GET"]}}],"collection":[{"href":"https:\/\/signum-blanc.wine\/us\/wp-json\/wp\/v2\/pages"}],"about":[{"href":"https:\/\/signum-blanc.wine\/us\/wp-json\/wp\/v2\/types\/page"}],"author":[{"embeddable":true,"href":"https:\/\/signum-blanc.wine\/us\/wp-json\/wp\/v2\/users\/3"}],"replies":[{"embeddable":true,"href":"https:\/\/signum-blanc.wine\/us\/wp-json\/wp\/v2\/comments?post=2141"}],"version-history":[{"count":7,"href":"https:\/\/signum-blanc.wine\/us\/wp-json\/wp\/v2\/pages\/2141\/revisions"}],"predecessor-version":[{"id":4054,"href":"https:\/\/signum-blanc.wine\/us\/wp-json\/wp\/v2\/pages\/2141\/revisions\/4054"}],"wp:attachment":[{"href":"https:\/\/signum-blanc.wine\/us\/wp-json\/wp\/v2\/media?parent=2141"}],"curies":[{"name":"wp","href":"https:\/\/api.w.org\/{rel}","templated":true}]}}