{"id":2150,"date":"2021-11-29T14:32:31","date_gmt":"2021-11-29T13:32:31","guid":{"rendered":"https:\/\/signum-blanc.wine\/about-us-2\/"},"modified":"2025-07-08T01:44:53","modified_gmt":"2025-07-07T23:44:53","slug":"the-founders","status":"publish","type":"page","link":"https:\/\/signum-blanc.wine\/us\/the-founders\/","title":{"rendered":"The founders"},"content":{"rendered":"<div class=\"wpb-content-wrapper\"><p>[vc_row row_height_percent=&#8221;75&#8243; back_image=&#8221;4437&#8243; back_repeat=&#8221;no-repeat&#8221; back_position=&#8221;center bottom&#8221; parallax=&#8221;yes&#8221; overlay_color=&#8221;color-jevc&#8221; overlay_alpha=&#8221;45&#8243; gutter_size=&#8221;3&#8243; column_width_percent=&#8221;100&#8243; shift_y=&#8221;0&#8243; z_index=&#8221;0&#8243; back_size=&#8221;cover&#8221; uncode_shortcode_id=&#8221;115133&#8243; overlay_color_type=&#8221;uncode-palette&#8221;][vc_column column_width_percent=&#8221;100&#8243; position_vertical=&#8221;middle&#8221; align_horizontal=&#8221;align_center&#8221; gutter_size=&#8221;3&#8243; overlay_alpha=&#8221;50&#8243; shift_x=&#8221;0&#8243; shift_y=&#8221;0&#8243; shift_y_down=&#8221;0&#8243; z_index=&#8221;0&#8243; medium_width=&#8221;0&#8243; mobile_width=&#8221;0&#8243; width=&#8221;1\/1&#8243;][vc_row_inner limit_content=&#8221;&#8221;][vc_column_inner column_width_percent=&#8221;100&#8243; position_vertical=&#8221;middle&#8221; align_horizontal=&#8221;align_center&#8221; gutter_size=&#8221;3&#8243; style=&#8221;dark&#8221; overlay_alpha=&#8221;50&#8243; shift_x=&#8221;0&#8243; shift_y=&#8221;0&#8243; shift_y_down=&#8221;0&#8243; z_index=&#8221;0&#8243; medium_width=&#8221;0&#8243; mobile_width=&#8221;0&#8243; width=&#8221;1\/1&#8243; el_class=&#8221;header-inner-col&#8221;][vc_custom_heading text_color=&#8221;color-359403&#8243; heading_semantic=&#8221;h1&#8243; text_size=&#8221;h1&#8243; css_animation=&#8221;bottom-t-top&#8221; el_class=&#8221;sb-page-title&#8221; uncode_shortcode_id=&#8221;128238&#8243; text_color_type=&#8221;uncode-palette&#8221;]<\/p>\n<h1>The founders<\/h1>\n<p>[\/vc_custom_heading][\/vc_column_inner][\/vc_row_inner][\/vc_column][\/vc_row][vc_row row_height_percent=&#8221;0&#8243; override_padding=&#8221;yes&#8221; h_padding=&#8221;0&#8243; top_padding=&#8221;0&#8243; bottom_padding=&#8221;0&#8243; overlay_alpha=&#8221;50&#8243; gutter_size=&#8221;3&#8243; column_width_percent=&#8221;100&#8243; shift_y=&#8221;0&#8243; z_index=&#8221;0&#8243; row_name=&#8221;geschichte&#8221;][vc_column column_width_percent=&#8221;100&#8243; align_horizontal=&#8221;align_center&#8221; gutter_size=&#8221;3&#8243; override_padding=&#8221;yes&#8221; column_padding=&#8221;3&#8243; back_color=&#8221;color-xsdn&#8221; overlay_alpha=&#8221;50&#8243; shift_x=&#8221;0&#8243; shift_y=&#8221;-4&#8243; shift_y_fixed=&#8221;yes&#8221; shift_y_down=&#8221;0&#8243; z_index=&#8221;0&#8243; medium_width=&#8221;0&#8243; mobile_width=&#8221;0&#8243; width=&#8221;1\/1&#8243; el_class=&#8221;border-top-col&#8221;][vc_custom_heading css_animation=&#8221;bottom-t-top&#8221; animation_delay=&#8221;100&#8243; uncode_shortcode_id=&#8221;113800&#8243;]<\/p>\n<h1 style=\"text-align: center;\">SIGNUM BLANC\u00a0 \u2013<br \/>\nHow it started<\/h1>\n<p>[\/vc_custom_heading][vc_empty_space empty_h=&#8221;1&#8243;][\/vc_column][\/vc_row][vc_row row_height_percent=&#8221;0&#8243; override_padding=&#8221;yes&#8221; h_padding=&#8221;2&#8243; top_padding=&#8221;1&#8243; bottom_padding=&#8221;2&#8243; overlay_alpha=&#8221;50&#8243; gutter_size=&#8221;3&#8243; column_width_percent=&#8221;100&#8243; shift_y=&#8221;0&#8243; z_index=&#8221;0&#8243; row_name=&#8221;geschichte&#8221; uncode_shortcode_id=&#8221;120505&#8243;][vc_column column_width_percent=&#8221;100&#8243; align_horizontal=&#8221;align_center&#8221; gutter_size=&#8221;3&#8243; expand_height=&#8221;yes&#8221; overlay_alpha=&#8221;50&#8243; shift_x=&#8221;0&#8243; shift_y=&#8221;0&#8243; shift_y_down=&#8221;0&#8243; z_index=&#8221;0&#8243; medium_width=&#8221;0&#8243; mobile_width=&#8221;0&#8243; width=&#8221;1\/1&#8243;][vc_column_text css_animation=&#8221;bottom-t-top&#8221; uncode_shortcode_id=&#8221;699091&#8243;]<br \/>\nAt a presentation of Austrian wines in 2014 at Schloss Kle\u00dfheim in Salzburg, four extraordinary personalities met &#8211; and were immediately as familiar as if they had known each other for a long time: winemakers Toni and Thomas Rothsch\u00e4dl, father and son, who presented a small selection of their wines from southern Styria, and the couple Christine B\u00fcchl and Martin Oertel, both with an eye for the extraordinary, who were initially only interested customers. All four are united by a deep spiritual bond, a special mental strength and creativity. That was the birth of the SIGNUM BLANC wine brand.[\/vc_column_text][\/vc_column][\/vc_row][vc_row row_height_percent=&#8221;0&#8243; override_padding=&#8221;yes&#8221; h_padding=&#8221;2&#8243; top_padding=&#8221;3&#8243; bottom_padding=&#8221;3&#8243; overlay_alpha=&#8221;50&#8243; gutter_size=&#8221;3&#8243; column_width_percent=&#8221;100&#8243; shift_y=&#8221;0&#8243; z_index=&#8221;0&#8243; row_name=&#8221;thomas-rothschaedl&#8221;][vc_column column_width_percent=&#8221;100&#8243; gutter_size=&#8221;3&#8243; overlay_alpha=&#8221;50&#8243; shift_x=&#8221;0&#8243; shift_y=&#8221;0&#8243; shift_y_down=&#8221;0&#8243; z_index=&#8221;0&#8243; medium_width=&#8221;7&#8243; mobile_width=&#8221;0&#8243; css_animation=&#8221;bottom-t-top&#8221; width=&#8221;1\/2&#8243;][vc_single_image media=&#8221;304&#8243; media_width_percent=&#8221;100&#8243; media_ratio=&#8221;five-four&#8221; uncode_shortcode_id=&#8221;460954&#8243;][\/vc_column][vc_column column_width_percent=&#8221;100&#8243; gutter_size=&#8221;3&#8243; overlay_alpha=&#8221;50&#8243; shift_x=&#8221;0&#8243; shift_y=&#8221;0&#8243; shift_y_down=&#8221;0&#8243; z_index=&#8221;0&#8243; medium_width=&#8221;7&#8243; mobile_width=&#8221;0&#8243; width=&#8221;1\/2&#8243;][vc_column_text css_animation=&#8221;right-t-left&#8221;]<\/p>\n<h2>The winemaker:<\/h2>\n<p><\/p>\n<h5>Thomas Rothsch\u00e4dl \u2013 5th generation wine artist and winemaker<\/h5>\n<p>&nbsp;[\/vc_column_text][vc_column_text css_animation=&#8221;right-t-left&#8221; animation_delay=&#8221;100&#8243; uncode_shortcode_id=&#8221;102056&#8243;]Thomas Rothsch\u00e4dl drank his first tiny sip of wine at the age of six on his father&#8217;s vineyard. Thomas, too, had the winemaking DNA in his blood. Even as a child, he sniffed out aromas, helped with the grape harvest on the steep slopes and worked in the wine cellar. At the age of 14, he attended the Silberberg viticultural college in southern Styria and trained as a winemaker and cellar master in Graz. At the age of 18, he won gold for his Sauvignon Klassik at the Young Winemaker Competition. Today, Thomas has made a name for himself as a 5th generation senior winemaker and &#8220;wine whisperer&#8221;. With the motto &#8220;Quality in harmony with nature&#8221; he won several gold medals and awards. He sees the SIGNUM premium white wines as the completion of a work of art.<\/p>\n<p><strong>The goal: to press the perfect wine.<\/strong>[\/vc_column_text][vc_accordion active_tab=&#8221;10&#8243;][vc_accordion_tab gutter_size=&#8221;2&#8243; column_padding=&#8221;2&#8243; title=&#8221;His philosophy&#8221; tab_id=&#8221;1681799526-1-49&#8243;][vc_column_text uncode_shortcode_id=&#8221;148201&#8243;]&#8221;Winemaking is creation. Each phase of development of the vine and each wine get with me the time it needs. Creating high-quality wines requires leisure. I do not follow trends. I follow my intuition. I have the wine first as a vision in my head. When I think of the harvest, I smell and taste the wine that will later exist. I have it on my tongue and on my palate.&#8221;[\/vc_column_text][\/vc_accordion_tab][\/vc_accordion][\/vc_column][\/vc_row][vc_row row_height_percent=&#8221;0&#8243; override_padding=&#8221;yes&#8221; h_padding=&#8221;2&#8243; top_padding=&#8221;3&#8243; bottom_padding=&#8221;3&#8243; back_color=&#8221;color-lxmt&#8221; overlay_alpha=&#8221;50&#8243; gutter_size=&#8221;3&#8243; column_width_percent=&#8221;100&#8243; shift_y=&#8221;0&#8243; z_index=&#8221;0&#8243; inverted_device_order=&#8221;yes&#8221; row_name=&#8221;toni-rothschaedl&#8221;][vc_column width=&#8221;1\/2&#8243;][vc_column_text css_animation=&#8221;left-t-right&#8221;]<\/p>\n<h2>The senior winemaker:<\/h2>\n<p><\/p>\n<h5>Toni Rothsch\u00e4dl \u2013 4th generation winemaker<\/h5>\n<p>&nbsp;[\/vc_column_text][vc_column_text css_animation=&#8221;left-t-right&#8221; animation_delay=&#8221;100&#8243; uncode_shortcode_id=&#8221;455764&#8243;]At the age of 16, after the early death of his father, Toni Rothsch\u00e4dl took over the family business, which had already been founded in 1880, while he was still studying at the Silberberg School of Viticulture. In the process, the love of wine, nature and knowledge were passed down from generation to generation. Toni Rothsch\u00e4dl relied on the right grape varieties such as Sauvignon Blanc and Burgundy and dispensed with chemical fertilization &#8211; long before &#8220;organic&#8221; was trendy. He plants vetches and phacelia as basic fertilizers, which naturally supply the soil with nitrogen, and mows only every other alley between the vines so that hedgehogs and rabbits, bees and bumblebees find a habitat in the meadows. Weeds in the vineyards are removed purely mechanically with purpose-built machines.[\/vc_column_text][vc_accordion active_tab=&#8221;5&#8243;][vc_accordion_tab gutter_size=&#8221;2&#8243; column_padding=&#8221;2&#8243; title=&#8221;His philosophy&#8221; tab_id=&#8221;1681806672-1-2&#8243;][vc_column_text uncode_shortcode_id=&#8221;114116&#8243;]&#8221;For me, farming close to nature means responding to the soil and the plants &#8211; and talking to the vines. We do not use glyphosate and insecticides and only use copper-free crop protection. We use beneficial insects against pests. Predatory mites, for example, eat aphids. And the press residues from pressing, such as vine wood and leaves, are composted and used as natural fertilizer in the vineyard.&#8221;[\/vc_column_text][\/vc_accordion_tab][\/vc_accordion][\/vc_column][vc_column column_width_percent=&#8221;100&#8243; gutter_size=&#8221;3&#8243; overlay_alpha=&#8221;50&#8243; shift_x=&#8221;0&#8243; shift_y=&#8221;0&#8243; shift_y_down=&#8221;0&#8243; z_index=&#8221;0&#8243; medium_width=&#8221;0&#8243; mobile_width=&#8221;0&#8243; css_animation=&#8221;bottom-t-top&#8221; width=&#8221;1\/2&#8243;][vc_single_image media=&#8221;303&#8243; media_width_percent=&#8221;100&#8243; media_ratio=&#8221;five-four&#8221; uncode_shortcode_id=&#8221;519435&#8243;][\/vc_column][\/vc_row][vc_row row_height_percent=&#8221;0&#8243; override_padding=&#8221;yes&#8221; h_padding=&#8221;2&#8243; top_padding=&#8221;3&#8243; bottom_padding=&#8221;3&#8243; overlay_alpha=&#8221;50&#8243; gutter_size=&#8221;3&#8243; column_width_percent=&#8221;100&#8243; shift_y=&#8221;0&#8243; z_index=&#8221;0&#8243;][vc_column column_width_percent=&#8221;100&#8243; gutter_size=&#8221;3&#8243; overlay_alpha=&#8221;50&#8243; shift_x=&#8221;0&#8243; shift_y=&#8221;0&#8243; shift_y_down=&#8221;0&#8243; z_index=&#8221;0&#8243; medium_width=&#8221;0&#8243; mobile_width=&#8221;0&#8243; css_animation=&#8221;bottom-t-top&#8221; width=&#8221;1\/2&#8243;][vc_single_image media=&#8221;296&#8243; media_width_percent=&#8221;100&#8243; media_ratio=&#8221;five-four&#8221; uncode_shortcode_id=&#8221;653654&#8243;][\/vc_column][vc_column width=&#8221;1\/2&#8243;][vc_column_text css_animation=&#8221;right-t-left&#8221;]<\/p>\n<h2>The communication expert:<\/h2>\n<p><\/p>\n<h5>Christine B\u00fcchl &#8211; Psychotherapist and Wine Connoisseur<\/h5>\n<p>[\/vc_column_text][vc_column_text css_animation=&#8221;right-t-left&#8221; animation_delay=&#8221;100&#8243; uncode_shortcode_id=&#8221;110403&#8243;]<br \/>\nBased on her many years of experience as a psychotherapist, fertility coach, and communication trainer, Christine B\u00fcchl knows how important personal interaction is. In her private life, she reads &#8220;Falstaff,&#8221; &#8220;Feinschmecker,&#8221; &#8220;Gault&amp;Millau,&#8221; and the &#8220;Guide Michelin&#8221; as closely as she reads other stock market news, and she knows exactly what a unifying role a good wine can play. When the Augsburg native, who has spent many years in Graz and Southern Styria both professionally and privately, met the Rothsch\u00e4dl family at a wine fair in 2014, they were soulmates. Together, they developed the idea for something extraordinary: SIGNUM wines. Not only that: Christine now lives in Southern Styria with her partner, Martin.[\/vc_column_text][vc_accordion active_tab=&#8221;5&#8243;][vc_accordion_tab gutter_size=&#8221;2&#8243; column_padding=&#8221;2&#8243; title=&#8221;Her philosophy&#8221; tab_id=&#8221;1681806996-1-53&#8243;][vc_column_text uncode_shortcode_id=&#8221;168997&#8243;]&#8221;Socializing and good food combined with excellent wines have always played a big role in my life. I plan entire vacations around discovering new restaurants and wineries. Wine is communication. Wine creates connection. That&#8217;s why, like a guest, it&#8217;s always with me at a nice dinner in nice company. My favorite? Sauvignon Blanc.&#8221;[\/vc_column_text][\/vc_accordion_tab][\/vc_accordion][\/vc_column][\/vc_row][vc_row row_height_percent=&#8221;0&#8243; override_padding=&#8221;yes&#8221; h_padding=&#8221;2&#8243; top_padding=&#8221;3&#8243; bottom_padding=&#8221;4&#8243; back_color=&#8221;color-lxmt&#8221; overlay_alpha=&#8221;50&#8243; gutter_size=&#8221;3&#8243; column_width_percent=&#8221;100&#8243; shift_y=&#8221;0&#8243; z_index=&#8221;0&#8243; inverted_device_order=&#8221;yes&#8221; row_name=&#8221;martin-oertel&#8221;][vc_column width=&#8221;1\/2&#8243;][vc_column_text css_animation=&#8221;left-t-right&#8221;]<\/p>\n<h2>The Visionary:<\/h2>\n<p><\/p>\n<h5>Martin Oertel \u2013 Soil Expert and Corporate Restructuring Specialist<\/h5>\n<p>[\/vc_column_text][vc_column_text css_animation=&#8221;left-t-right&#8221; animation_delay=&#8221;100&#8243; uncode_shortcode_id=&#8221;326636&#8243;]<br \/>\nAs a restructuring expert, Martin Oertel has a keen eye for a company&#8217;s potential. He is a qualified mining engineer and also understands the properties of soils and their potential. At the Rothsch\u00e4dl winery, his &#8220;hidden champion,&#8221; both of these qualities were a perfect fit. In November 2019, during an excavation, he discovered a glittering black boulder in the soil and had the rock sample analyzed at the Technical University of Aachen. The result: black tourmaline, a gemstone harder than glass.[\/vc_column_text][vc_accordion active_tab=&#8221;6&#8243;][vc_accordion_tab gutter_size=&#8221;2&#8243; column_padding=&#8221;2&#8243; title=&#8221;His philosophy&#8221; tab_id=&#8221;1681807150-1-49&#8243;][vc_column_text uncode_shortcode_id=&#8221;166515&#8243;]\u201eIch mag Klasse statt Masse. So wie bei kleinen Weing\u00fctern, wo der Winzer selbst den Weinberg bearbeitet und alle Abl\u00e4ufe kontrolliert. Und ich mag Genuss mit Niveau. Wie bei ausgewogenen, k\u00f6rperreichen Weinen mit einer sch\u00f6nen Reife. Der schwarze Turmalin-Edelstein macht den SIGNUM-Wein einzigartig, weil die Mineralstoffe des Bodens \u00fcber die Rebwurzel bis in die Trauben gelangen. Die Aromen sind verdichteter, konzentrierter, das ergibt einen sehr charaktervollen Wein. Edler Stein, edler Wein!\u201c[\/vc_column_text][\/vc_accordion_tab][\/vc_accordion][\/vc_column][vc_column column_width_percent=&#8221;100&#8243; gutter_size=&#8221;3&#8243; overlay_alpha=&#8221;50&#8243; shift_x=&#8221;0&#8243; shift_y=&#8221;0&#8243; shift_y_down=&#8221;0&#8243; z_index=&#8221;0&#8243; medium_width=&#8221;0&#8243; mobile_width=&#8221;0&#8243; css_animation=&#8221;bottom-t-top&#8221; width=&#8221;1\/2&#8243;][vc_single_image media=&#8221;302&#8243; media_width_percent=&#8221;100&#8243; media_ratio=&#8221;five-four&#8221; uncode_shortcode_id=&#8221;140485&#8243;][\/vc_column][\/vc_row][vc_row row_height_percent=&#8221;0&#8243; override_padding=&#8221;yes&#8221; h_padding=&#8221;2&#8243; top_padding=&#8221;3&#8243; bottom_padding=&#8221;4&#8243; overlay_alpha=&#8221;50&#8243; gutter_size=&#8221;3&#8243; column_width_percent=&#8221;100&#8243; shift_y=&#8221;0&#8243; z_index=&#8221;0&#8243; uncode_shortcode_id=&#8221;336310&#8243;][vc_column width=&#8221;1\/6&#8243;][vc_single_image media=&#8221;386&#8243; media_width_percent=&#8221;100&#8243; alignment=&#8221;center&#8221;][\/vc_column][vc_column width=&#8221;5\/6&#8243;][vc_column_text uncode_shortcode_id=&#8221;118416&#8243;]<\/p>\n<div class=\"uncoltable\">\n<div class=\"uncell no-block-padding\">\n<div class=\"uncont\">\n<div class=\"uncode_text_column right-t-left animate_when_almost_visible start_animation\">\n<h3>Gerhard Retter &#8211; Ma\u00eetre and Sommelier<\/h3>\n<p>While the four SIGNUM BLANC founders were planning the market launch, they came across Gerhard Retter. The top Austrian sommelier, who lives in Munich, professionally tasted and described the SIGNUM wines.<\/p>\n<\/div>\n<p><\/div>\n<p><\/div>\n<p><\/div>\n<p>[\/vc_column_text][vc_empty_space empty_h=&#8221;3&#8243;][\/vc_column][\/vc_row][vc_row unlock_row_content=&#8221;yes&#8221; row_height_percent=&#8221;89&#8243; override_padding=&#8221;yes&#8221; h_padding=&#8221;0&#8243; top_padding=&#8221;0&#8243; bottom_padding=&#8221;0&#8243; back_image=&#8221;150&#8243; parallax=&#8221;yes&#8221; overlay_alpha=&#8221;50&#8243; gutter_size=&#8221;3&#8243; column_width_percent=&#8221;100&#8243; shift_y=&#8221;0&#8243; z_index=&#8221;0&#8243; row_name=&#8221;gruender&#8221; uncode_shortcode_id=&#8221;286035&#8243;][vc_column column_width_percent=&#8221;100&#8243; gutter_size=&#8221;3&#8243; overlay_alpha=&#8221;50&#8243; shift_x=&#8221;0&#8243; shift_y=&#8221;0&#8243; shift_y_down=&#8221;0&#8243; z_index=&#8221;0&#8243; medium_width=&#8221;0&#8243; mobile_width=&#8221;0&#8243; width=&#8221;1\/2&#8243; mobile_height=&#8221;350px&#8221;][\/vc_column][vc_column column_width_percent=&#8221;100&#8243; gutter_size=&#8221;3&#8243; back_color=&#8221;color-xsdn&#8221; overlay_alpha=&#8221;50&#8243; shift_x=&#8221;0&#8243; shift_y=&#8221;0&#8243; shift_y_down=&#8221;0&#8243; z_index=&#8221;0&#8243; medium_width=&#8221;0&#8243; mobile_width=&#8221;0&#8243; width=&#8221;1\/2&#8243; el_class=&#8221;border-bottom-col&#8221; mobile_height=&#8221;150px&#8221;][vc_column_text uncode_shortcode_id=&#8221;162737&#8243;]<\/p>\n<h2>Wine that unites<\/h2>\n<p>[\/vc_column_text][\/vc_column][\/vc_row][vc_row row_height_percent=&#8221;0&#8243; override_padding=&#8221;yes&#8221; h_padding=&#8221;2&#8243; top_padding=&#8221;4&#8243; bottom_padding=&#8221;4&#8243; back_color=&#8221;color-lxmt&#8221; overlay_alpha=&#8221;50&#8243; gutter_size=&#8221;3&#8243; column_width_percent=&#8221;100&#8243; shift_y=&#8221;0&#8243; z_index=&#8221;0&#8243; row_name=&#8221;kontakt&#8221; uncode_shortcode_id=&#8221;263793&#8243; back_color_type=&#8221;uncode-palette&#8221;][vc_column width=&#8221;1\/1&#8243;][vc_column_text uncode_shortcode_id=&#8221;823583&#8243;]<\/p>\n<h2 style=\"text-align: center;\">When everything falls into place . . .<\/h2>\n<p>[\/vc_column_text][vc_column_text css_animation=&#8221;bottom-t-top&#8221; uncode_shortcode_id=&#8221;727430&#8243;]<\/p>\n<p style=\"text-align: center;\">All four are united by a deep spiritual connection, a special mental strength and creativity.<\/p>\n<p>Toni and Thomas as winemakers achieve white wines of unusual expressiveness,<\/p>\n<p>Christine, as a psychotherapist, dedicates her mental strength to couples with an unfulfilled desire to have children and helps to create new life. Martin, &#8220;the visionary&#8221;, as Thomas Rothsch\u00e4dl says, professionally takes over the management of companies that have fallen into disarray and leads them back to new success.<\/p>\n<p>During their next visits to southern Styria, the two encountered a true treasure in the depths of the Rothsch\u00e4dl winery&#8217;s wine cellar. Ripe, storable and yet fruity wines with a nuance variety of flavors, emerged in creative, soulful creation work of Toni and Thomas. A special friendship of the four developed.<\/p>\n<p>In the summer of 2018, Christine and Martin acquired a small abandoned vineyard on the Leutschacher Schlossberg, with a sun-drenched hillside location.<\/p>\n<p>That was the birth of the SIGNUM BLANC wine brand. The noble drops, however, come only from the old vines on the Kreuzberg, a stony hillside, the highest point of the southern Styrian heartland. Schlossberg 46 itself, where the company headquarters are located, also has the best conditions, but will need years of development to produce wines of great quality.<\/p>\n<p>[\/vc_column_text][vc_button button_color=&#8221;color-581917&#8243; size=&#8221;btn-lg&#8221; radius=&#8221;btn-square&#8221; wide=&#8221;yes&#8221; hover_fx=&#8221;full-colored&#8221; border_width=&#8221;0&#8243; css_animation=&#8221;bottom-t-top&#8221; link=&#8221;url:https%3A%2F%2Fsignum-blanc.wine%2Fus%2Fcontact%2F|title:Contact|&#8221; el_class=&#8221;wine-details-btn&#8221; button_color_type=&#8221;uncode-palette&#8221; uncode_shortcode_id=&#8221;488312&#8243;]Contact[\/vc_button][\/vc_column][\/vc_row]<\/p>\n<\/div>","protected":false},"excerpt":{"rendered":"<p>[vc_row row_height_percent=&#8221;75&#8243; back_image=&#8221;4437&#8243; back_repeat=&#8221;no-repeat&#8221; back_position=&#8221;center bottom&#8221; parallax=&#8221;yes&#8221; overlay_color=&#8221;color-jevc&#8221; overlay_alpha=&#8221;45&#8243; gutter_size=&#8221;3&#8243; column_width_percent=&#8221;100&#8243; shift_y=&#8221;0&#8243; z_index=&#8221;0&#8243; back_size=&#8221;cover&#8221; uncode_shortcode_id=&#8221;115133&#8243; overlay_color_type=&#8221;uncode-palette&#8221;][vc_column column_width_percent=&#8221;100&#8243; position_vertical=&#8221;middle&#8221; align_horizontal=&#8221;align_center&#8221; gutter_size=&#8221;3&#8243; [&hellip;]<\/p>\n","protected":false},"author":3,"featured_media":0,"parent":0,"menu_order":0,"comment_status":"closed","ping_status":"closed","template":"","meta":{"footnotes":""},"class_list":["post-2150","page","type-page","status-publish","hentry"],"yoast_head":"<!-- This site is optimized with the Yoast SEO plugin v24.8.1 - https:\/\/yoast.com\/wordpress\/plugins\/seo\/ -->\n<title>The founders &#187; Signum Blanc<\/title>\n<meta name=\"description\" content=\"The founders Signum Blanc Wine is the guarantor for exclusive wine enjoyment from southern Styria. Learn more now!\" \/>\n<meta name=\"robots\" content=\"index, follow, max-snippet:-1, max-image-preview:large, max-video-preview:-1\" \/>\n<link rel=\"canonical\" href=\"https:\/\/signum-blanc.wine\/us\/the-founders\/\" \/>\n<meta property=\"og:locale\" content=\"en_US\" \/>\n<meta property=\"og:type\" content=\"article\" \/>\n<meta property=\"og:title\" content=\"The founders &#187; Signum Blanc\" \/>\n<meta property=\"og:description\" content=\"The founders Signum Blanc Wine is the guarantor for exclusive wine enjoyment from southern Styria. Learn more now!\" \/>\n<meta property=\"og:url\" content=\"https:\/\/signum-blanc.wine\/us\/the-founders\/\" \/>\n<meta property=\"og:site_name\" content=\"Signum Blanc\" \/>\n<meta property=\"article:publisher\" content=\"https:\/\/www.facebook.com\/signumblanc\/\" \/>\n<meta property=\"article:modified_time\" content=\"2025-07-07T23:44:53+00:00\" \/>\n<meta name=\"twitter:card\" content=\"summary_large_image\" \/>\n<meta name=\"twitter:label1\" content=\"Est. reading time\" \/>\n\t<meta name=\"twitter:data1\" content=\"9 minutes\" \/>\n<!-- \/ Yoast SEO plugin. -->","yoast_head_json":{"title":"The founders &#187; Signum Blanc","description":"The founders Signum Blanc Wine is the guarantor for exclusive wine enjoyment from southern Styria. Learn more now!","robots":{"index":"index","follow":"follow","max-snippet":"max-snippet:-1","max-image-preview":"max-image-preview:large","max-video-preview":"max-video-preview:-1"},"canonical":"https:\/\/signum-blanc.wine\/us\/the-founders\/","og_locale":"en_US","og_type":"article","og_title":"The founders &#187; Signum Blanc","og_description":"The founders Signum Blanc Wine is the guarantor for exclusive wine enjoyment from southern Styria. Learn more now!","og_url":"https:\/\/signum-blanc.wine\/us\/the-founders\/","og_site_name":"Signum Blanc","article_publisher":"https:\/\/www.facebook.com\/signumblanc\/","article_modified_time":"2025-07-07T23:44:53+00:00","twitter_card":"summary_large_image","twitter_misc":{"Est. reading time":"9 minutes"},"schema":{"@context":"https:\/\/schema.org","@graph":[{"@type":"WebPage","@id":"https:\/\/signum-blanc.wine\/us\/the-founders\/","url":"https:\/\/signum-blanc.wine\/us\/the-founders\/","name":"The founders &#187; Signum Blanc","isPartOf":{"@id":"https:\/\/signum-blanc.wine\/us\/#website"},"datePublished":"2021-11-29T13:32:31+00:00","dateModified":"2025-07-07T23:44:53+00:00","description":"The founders Signum Blanc Wine is the guarantor for exclusive wine enjoyment from southern Styria. Learn more now!","breadcrumb":{"@id":"https:\/\/signum-blanc.wine\/us\/the-founders\/#breadcrumb"},"inLanguage":"en-US","potentialAction":[{"@type":"ReadAction","target":["https:\/\/signum-blanc.wine\/us\/the-founders\/"]}]},{"@type":"BreadcrumbList","@id":"https:\/\/signum-blanc.wine\/us\/the-founders\/#breadcrumb","itemListElement":[{"@type":"ListItem","position":1,"name":"Startseite","item":"https:\/\/signum-blanc.wine\/us\/signum-blanc-start-new-dennis\/"},{"@type":"ListItem","position":2,"name":"The founders"}]},{"@type":"WebSite","@id":"https:\/\/signum-blanc.wine\/us\/#website","url":"https:\/\/signum-blanc.wine\/us\/","name":"Signum Blanc Wine","description":"Premium Weine","publisher":{"@id":"https:\/\/signum-blanc.wine\/us\/#organization"},"alternateName":"Signum Blanc","potentialAction":[{"@type":"SearchAction","target":{"@type":"EntryPoint","urlTemplate":"https:\/\/signum-blanc.wine\/us\/?s={search_term_string}"},"query-input":{"@type":"PropertyValueSpecification","valueRequired":true,"valueName":"search_term_string"}}],"inLanguage":"en-US"},{"@type":"Organization","@id":"https:\/\/signum-blanc.wine\/us\/#organization","name":"Signum Blanc Wine","alternateName":"Signum Blanc","url":"https:\/\/signum-blanc.wine\/us\/","logo":{"@type":"ImageObject","inLanguage":"en-US","@id":"https:\/\/signum-blanc.wine\/us\/#\/schema\/logo\/image\/","url":"https:\/\/signum-blanc.wine\/wp-content\/uploads\/2021\/05\/Siegel-140.svg","contentUrl":"https:\/\/signum-blanc.wine\/wp-content\/uploads\/2021\/05\/Siegel-140.svg","width":140,"height":140,"caption":"Signum Blanc Wine"},"image":{"@id":"https:\/\/signum-blanc.wine\/us\/#\/schema\/logo\/image\/"},"sameAs":["https:\/\/www.facebook.com\/signumblanc\/","https:\/\/www.instagram.com\/signumblanc\/"]}]}},"_links":{"self":[{"href":"https:\/\/signum-blanc.wine\/us\/wp-json\/wp\/v2\/pages\/2150","targetHints":{"allow":["GET"]}}],"collection":[{"href":"https:\/\/signum-blanc.wine\/us\/wp-json\/wp\/v2\/pages"}],"about":[{"href":"https:\/\/signum-blanc.wine\/us\/wp-json\/wp\/v2\/types\/page"}],"author":[{"embeddable":true,"href":"https:\/\/signum-blanc.wine\/us\/wp-json\/wp\/v2\/users\/3"}],"replies":[{"embeddable":true,"href":"https:\/\/signum-blanc.wine\/us\/wp-json\/wp\/v2\/comments?post=2150"}],"version-history":[{"count":11,"href":"https:\/\/signum-blanc.wine\/us\/wp-json\/wp\/v2\/pages\/2150\/revisions"}],"predecessor-version":[{"id":4496,"href":"https:\/\/signum-blanc.wine\/us\/wp-json\/wp\/v2\/pages\/2150\/revisions\/4496"}],"wp:attachment":[{"href":"https:\/\/signum-blanc.wine\/us\/wp-json\/wp\/v2\/media?parent=2150"}],"curies":[{"name":"wp","href":"https:\/\/api.w.org\/{rel}","templated":true}]}}