{"id":2483,"date":"2023-01-01T16:39:59","date_gmt":"2023-01-01T15:39:59","guid":{"rendered":"https:\/\/signum-blanc.wine\/?post_type=product&#038;p=2483"},"modified":"2026-01-21T10:02:16","modified_gmt":"2026-01-21T09:02:16","slug":"weinbergdinner-tom-riederer","status":"publish","type":"product","link":"https:\/\/signum-blanc.wine\/us\/produkt\/weinbergdinner-tom-riederer\/","title":{"rendered":"2026 Weinbergdinner mit Haubenkoch Tom Riederer"},"content":{"rendered":"<div class=\"wpb-content-wrapper\"><p>[vc_row][vc_column width=&#8221;1\/1&#8243;][vc_column_text uncode_shortcode_id=&#8221;626070&#8243;]<\/p>\n<h4>F\u00fcnfg\u00e4ngiges \u00dcberraschungsmen\u00fc mit Weinbegleitung<\/h4>\n<p>Haubenkoch und Istrien-Auswanderer Tom Riederer kehrt f\u00fcr einen Sommerabend zur\u00fcck in seine Heimat Leutschach. F\u00fcr SIGNUM BLANC kocht er ein hochkar\u00e4tiges Tapas-Men\u00fc. Erleben Sie mit uns einen geschmackvollen und exklusiven Abend mitten in den steirischen Weinbergen. Wir freuen uns auf Sie!<\/p>\n<ul>\n<li><strong>Wann: <\/strong>11. Juli 2026 | 18:00 Uhr come together | 18:30 Beginn des Men\u00fcs<\/li>\n<li><strong>Wo: <\/strong>Weingut Rothsch\u00e4dl, Eichberg-Trautenburg 20, 8463 Leutschach a.d.W.<br \/>\nBei schlechtem Wetter findet das Weinbergdinner in Innenr\u00e4umen statt.<\/li>\n<li><strong>Kosten:<\/strong> \u20ac 195,- p.P.<\/li>\n<li><strong>Pl\u00e4tze: 50<\/strong><\/li>\n<\/ul>\n<p>[\/vc_column_text][\/vc_column][\/vc_row]<\/p>\n<\/div>","protected":false},"excerpt":{"rendered":"<p>[vc_row][vc_column width=&#8221;1\/1&#8243;][vc_column_text uncode_shortcode_id=&#8221;626070&#8243;] F\u00fcnfg\u00e4ngiges \u00dcberraschungsmen\u00fc mit Weinbegleitung Haubenkoch und Istrien-Auswanderer Tom Riederer kehrt f\u00fcr einen Sommerabend zur\u00fcck in seine Heimat [&hellip;]<\/p>\n","protected":false},"featured_media":4561,"template":"","meta":[],"product_brand":[],"product_cat":[174],"product_tag":[],"class_list":{"0":"post-2483","1":"product","2":"type-product","3":"status-publish","4":"has-post-thumbnail","6":"product_cat-events","8":"first","9":"instock","10":"virtual","11":"taxable","12":"purchasable","13":"product-type-simple"},"bundled_by":[],"bundle_stock_status":"instock","bundle_stock_quantity":null,"bundle_virtual":false,"bundle_layout":"","bundle_add_to_cart_form_location":"","bundle_editable_in_cart":false,"bundle_sold_individually_context":"","bundle_item_grouping":"","bundle_min_size":"","bundle_max_size":"","bundle_price":[],"bundled_items":[],"bundle_sell_ids":[],"yoast_head":"<!-- This site is optimized with the Yoast SEO plugin v24.8.1 - https:\/\/yoast.com\/wordpress\/plugins\/seo\/ -->\n<title>2026 Weinbergdinner mit Haubenkoch Tom Riederer &#187; Signum Blanc<\/title>\n<meta name=\"description\" content=\"Weinbergdinner &#187; Ein hochkar\u00e4tiges Tapas-Men\u00fc von Haubenkoch Tom Riederer mit Weinbegleitung von SIGNUM BLANC mitten in der S\u00fcdsteiermark! &#187; Mehr erfahren!\" \/>\n<meta name=\"robots\" content=\"index, follow, max-snippet:-1, max-image-preview:large, max-video-preview:-1\" \/>\n<link rel=\"canonical\" href=\"https:\/\/signum-blanc.wine\/us\/produkt\/weinbergdinner-tom-riederer\/\" \/>\n<meta property=\"og:locale\" content=\"en_US\" \/>\n<meta property=\"og:type\" content=\"article\" \/>\n<meta property=\"og:title\" content=\"2026 Weinbergdinner mit Haubenkoch Tom Riederer &#187; Signum Blanc\" \/>\n<meta property=\"og:description\" content=\"Weinbergdinner &#187; Ein hochkar\u00e4tiges Tapas-Men\u00fc von Haubenkoch Tom Riederer mit Weinbegleitung von SIGNUM BLANC mitten in der S\u00fcdsteiermark! &#187; Mehr erfahren!\" \/>\n<meta property=\"og:url\" content=\"https:\/\/signum-blanc.wine\/us\/produkt\/weinbergdinner-tom-riederer\/\" \/>\n<meta property=\"og:site_name\" content=\"Signum Blanc\" \/>\n<meta property=\"article:publisher\" content=\"https:\/\/www.facebook.com\/signumblanc\/\" \/>\n<meta property=\"article:modified_time\" content=\"2026-01-21T09:02:16+00:00\" \/>\n<meta property=\"og:image\" content=\"https:\/\/signum-blanc.wine\/wp-content\/uploads\/2023\/01\/2026-Weinbergdinner-Flyer-g-1024x1024.png\" \/>\n\t<meta property=\"og:image:width\" content=\"1024\" \/>\n\t<meta property=\"og:image:height\" content=\"1024\" \/>\n\t<meta property=\"og:image:type\" content=\"image\/png\" \/>\n<meta name=\"twitter:card\" content=\"summary_large_image\" \/>\n<meta name=\"twitter:label1\" content=\"Est. reading time\" \/>\n\t<meta name=\"twitter:data1\" content=\"1 minute\" \/>\n<!-- \/ Yoast SEO plugin. -->","yoast_head_json":{"title":"2026 Weinbergdinner mit Haubenkoch Tom Riederer &#187; Signum Blanc","description":"Weinbergdinner &#187; Ein hochkar\u00e4tiges Tapas-Men\u00fc von Haubenkoch Tom Riederer mit Weinbegleitung von SIGNUM BLANC mitten in der S\u00fcdsteiermark! &#187; Mehr erfahren!","robots":{"index":"index","follow":"follow","max-snippet":"max-snippet:-1","max-image-preview":"max-image-preview:large","max-video-preview":"max-video-preview:-1"},"canonical":"https:\/\/signum-blanc.wine\/us\/produkt\/weinbergdinner-tom-riederer\/","og_locale":"en_US","og_type":"article","og_title":"2026 Weinbergdinner mit Haubenkoch Tom Riederer &#187; Signum Blanc","og_description":"Weinbergdinner &#187; Ein hochkar\u00e4tiges Tapas-Men\u00fc von Haubenkoch Tom Riederer mit Weinbegleitung von SIGNUM BLANC mitten in der S\u00fcdsteiermark! &#187; Mehr erfahren!","og_url":"https:\/\/signum-blanc.wine\/us\/produkt\/weinbergdinner-tom-riederer\/","og_site_name":"Signum Blanc","article_publisher":"https:\/\/www.facebook.com\/signumblanc\/","article_modified_time":"2026-01-21T09:02:16+00:00","og_image":[{"width":1024,"height":1024,"url":"https:\/\/signum-blanc.wine\/wp-content\/uploads\/2023\/01\/2026-Weinbergdinner-Flyer-g-1024x1024.png","type":"image\/png"}],"twitter_card":"summary_large_image","twitter_misc":{"Est. reading time":"1 minute"},"schema":{"@context":"https:\/\/schema.org","@graph":[{"@type":"WebPage","@id":"https:\/\/signum-blanc.wine\/us\/produkt\/weinbergdinner-tom-riederer\/","url":"https:\/\/signum-blanc.wine\/us\/produkt\/weinbergdinner-tom-riederer\/","name":"2026 Weinbergdinner mit Haubenkoch Tom Riederer &#187; Signum Blanc","isPartOf":{"@id":"https:\/\/signum-blanc.wine\/us\/#website"},"primaryImageOfPage":{"@id":"https:\/\/signum-blanc.wine\/us\/produkt\/weinbergdinner-tom-riederer\/#primaryimage"},"image":{"@id":"https:\/\/signum-blanc.wine\/us\/produkt\/weinbergdinner-tom-riederer\/#primaryimage"},"thumbnailUrl":"https:\/\/signum-blanc.wine\/wp-content\/uploads\/2023\/01\/2026-Weinbergdinner-Flyer-g.png","datePublished":"2023-01-01T15:39:59+00:00","dateModified":"2026-01-21T09:02:16+00:00","description":"Weinbergdinner &#187; Ein hochkar\u00e4tiges Tapas-Men\u00fc von Haubenkoch Tom Riederer mit Weinbegleitung von SIGNUM BLANC mitten in der S\u00fcdsteiermark! &#187; Mehr erfahren!","breadcrumb":{"@id":"https:\/\/signum-blanc.wine\/us\/produkt\/weinbergdinner-tom-riederer\/#breadcrumb"},"inLanguage":"en-US","potentialAction":[{"@type":"ReadAction","target":["https:\/\/signum-blanc.wine\/us\/produkt\/weinbergdinner-tom-riederer\/"]}]},{"@type":"ImageObject","inLanguage":"en-US","@id":"https:\/\/signum-blanc.wine\/us\/produkt\/weinbergdinner-tom-riederer\/#primaryimage","url":"https:\/\/signum-blanc.wine\/wp-content\/uploads\/2023\/01\/2026-Weinbergdinner-Flyer-g.png","contentUrl":"https:\/\/signum-blanc.wine\/wp-content\/uploads\/2023\/01\/2026-Weinbergdinner-Flyer-g.png","width":2483,"height":2483},{"@type":"BreadcrumbList","@id":"https:\/\/signum-blanc.wine\/us\/produkt\/weinbergdinner-tom-riederer\/#breadcrumb","itemListElement":[{"@type":"ListItem","position":1,"name":"Startseite","item":"https:\/\/signum-blanc.wine\/us\/signum-blanc-start-new-dennis\/"},{"@type":"ListItem","position":2,"name":"Shop","item":"https:\/\/signum-blanc.wine\/us\/shop\/"},{"@type":"ListItem","position":3,"name":"2026 Weinbergdinner mit Haubenkoch Tom Riederer"}]},{"@type":"WebSite","@id":"https:\/\/signum-blanc.wine\/us\/#website","url":"https:\/\/signum-blanc.wine\/us\/","name":"Signum Blanc Wine","description":"Premium Weine","publisher":{"@id":"https:\/\/signum-blanc.wine\/us\/#organization"},"alternateName":"Signum Blanc","potentialAction":[{"@type":"SearchAction","target":{"@type":"EntryPoint","urlTemplate":"https:\/\/signum-blanc.wine\/us\/?s={search_term_string}"},"query-input":{"@type":"PropertyValueSpecification","valueRequired":true,"valueName":"search_term_string"}}],"inLanguage":"en-US"},{"@type":"Organization","@id":"https:\/\/signum-blanc.wine\/us\/#organization","name":"Signum Blanc Wine","alternateName":"Signum Blanc","url":"https:\/\/signum-blanc.wine\/us\/","logo":{"@type":"ImageObject","inLanguage":"en-US","@id":"https:\/\/signum-blanc.wine\/us\/#\/schema\/logo\/image\/","url":"https:\/\/signum-blanc.wine\/wp-content\/uploads\/2021\/05\/Siegel-140.svg","contentUrl":"https:\/\/signum-blanc.wine\/wp-content\/uploads\/2021\/05\/Siegel-140.svg","width":140,"height":140,"caption":"Signum Blanc Wine"},"image":{"@id":"https:\/\/signum-blanc.wine\/us\/#\/schema\/logo\/image\/"},"sameAs":["https:\/\/www.facebook.com\/signumblanc\/","https:\/\/www.instagram.com\/signumblanc\/"]}]}},"_links":{"self":[{"href":"https:\/\/signum-blanc.wine\/us\/wp-json\/wp\/v2\/product\/2483","targetHints":{"allow":["GET"]}}],"collection":[{"href":"https:\/\/signum-blanc.wine\/us\/wp-json\/wp\/v2\/product"}],"about":[{"href":"https:\/\/signum-blanc.wine\/us\/wp-json\/wp\/v2\/types\/product"}],"wp:featuredmedia":[{"embeddable":true,"href":"https:\/\/signum-blanc.wine\/us\/wp-json\/wp\/v2\/media\/4561"}],"wp:attachment":[{"href":"https:\/\/signum-blanc.wine\/us\/wp-json\/wp\/v2\/media?parent=2483"}],"wp:term":[{"taxonomy":"product_brand","embeddable":true,"href":"https:\/\/signum-blanc.wine\/us\/wp-json\/wp\/v2\/product_brand?post=2483"},{"taxonomy":"product_cat","embeddable":true,"href":"https:\/\/signum-blanc.wine\/us\/wp-json\/wp\/v2\/product_cat?post=2483"},{"taxonomy":"product_tag","embeddable":true,"href":"https:\/\/signum-blanc.wine\/us\/wp-json\/wp\/v2\/product_tag?post=2483"}],"curies":[{"name":"wp","href":"https:\/\/api.w.org\/{rel}","templated":true}]}}